{"id":49,"date":"2023-02-14T11:57:41","date_gmt":"2023-02-14T11:57:41","guid":{"rendered":"https:\/\/demo.sparkletheme.com\/fitness-fse\/?page_id=26"},"modified":"2026-01-16T08:23:56","modified_gmt":"2026-01-16T08:23:56","slug":"pricing-plan","status":"publish","type":"page","link":"https:\/\/rautakruunu.fi\/index.php\/pricing-plan\/","title":{"rendered":"Hinnoittelu ja suunnitelma"},"content":{"rendered":"\n<div class=\"wp-block-group alignfull is-layout-constrained wp-block-group-is-layout-constrained\" style=\"margin-top:0;margin-bottom:0\">\n<div class=\"wp-block-group alignfull has-background-background-color has-background is-layout-constrained wp-block-group-is-layout-constrained\" style=\"margin-top:0;margin-bottom:0\">\n<div class=\"wp-block-group alignfull is-layout-constrained wp-container-core-group-is-layout-19159dbc wp-block-group-is-layout-constrained\" style=\"padding-top:30px;padding-bottom:30px\">\n<h2 class=\"wp-block-heading has-text-align-center has-text-color has-fahkwang-font-family\" style=\"color:#fb5b21;font-size:48px;font-style:normal;font-weight:700\">Hinnoittelu ja suunnitelma<\/h2>\n\n\n\n<p class=\"has-text-align-center has-foreground-color has-text-color has-fahkwang-font-family\" style=\"font-size:17.6px;font-style:normal;font-weight:300\">Meill\u00e4 on erilaisia \u200b\u200b\u200b\u200bsuunnitelmia auttaaksemme sinua tarpeissasi.<\/p>\n<\/div>\n\n\n\n<div class=\"wp-block-columns alignwide is-layout-flex wp-container-core-columns-is-layout-f350720d wp-block-columns-is-layout-flex\" style=\"padding-top:20px\">\n<div class=\"wp-block-column is-vertically-aligned-center is-layout-flow wp-block-column-is-layout-flow\">\n<div class=\"wp-block-group alignwide has-shadow-dark animated animated-fadeInUp has-background is-layout-constrained wp-container-core-group-is-layout-51aacc7e wp-block-group-is-layout-constrained\" style=\"background-color:#29282d;padding-top:40px;padding-right:40px;padding-bottom:40px;padding-left:40px\">\n<figure class=\"wp-block-image aligncenter size-full is-resized has-custom-border wp-duotone-ff6900-ff0000-1\" style=\"margin-top:var(--wp--preset--spacing--50);margin-bottom:var(--wp--preset--spacing--50)\"><img decoding=\"async\" src=\"https:\/\/demo.sparkletheme.com\/fitness-fse\/wp-content\/themes\/fitness-fse\/images\/icon-4.png\" alt=\"\" class=\"wp-image-201\" style=\"border-radius:0px;width:42px;height:58px\"\/><\/figure>\n\n\n\n<h3 class=\"wp-block-heading has-text-align-center has-background-color has-text-color\" style=\"margin-top:10px;margin-right:10px;margin-bottom:10px;margin-left:10px;font-size:30px;font-style:normal;font-weight:400\">KRUUNUVALMENNUS<\/h3>\n\n\n\n<div class=\"wp-block-group is-layout-constrained wp-container-core-group-is-layout-19e250f3 wp-block-group-is-layout-constrained\">\n<p class=\"has-text-align-center has-text-color\" style=\"color:#fb5b21;font-size:40px\">270 \u20ac&nbsp;\/kk<\/p>\n<\/div>\n\n\n\n<div class=\"wp-block-group has-background-color has-text-color has-normal-font-size is-layout-constrained wp-container-core-group-is-layout-334a2726 wp-block-group-is-layout-constrained\" style=\"font-style:normal;font-weight:300\">\n<p class=\"has-text-align-center has-fahkwang-font-family\"><strong>Alkutapaaminen ja tilanteen kartoitus<\/strong><\/p>\n\n\n\n<p class=\"has-text-align-center has-fahkwang-font-family\"><br><strong>R\u00e4\u00e4t\u00e4l\u00f6ity treeniohjelma ja suunnitelma<\/strong><\/p>\n\n\n\n<p class=\"has-text-align-center has-fahkwang-font-family\"><br><strong>Ruokap\u00e4iv\u00e4kirja ja ravinto-ohjaus<\/strong><br>Sis\u00e4ll\u00f6n analysointi ja muutokset<\/p>\n\n\n\n<p class=\"has-text-align-center has-fahkwang-font-family\"><br><strong>TRAINERO &#8211; Sovellus <\/strong><\/p>\n\n\n\n<p class=\"has-text-align-center has-fahkwang-font-family\">Kattava treeniohjelma ja ravintosuositukset<\/p>\n\n\n\n<p class=\"has-text-align-center has-fahkwang-font-family\"><br><strong>Kuumalinja <\/strong><\/p>\n\n\n\n<p class=\"has-text-align-center has-fahkwang-font-family\">Arkisin 9.30\u201316.30 tekstiviestill\u00e4\/s\u00e4hk\u00f6postilla, vastaus 2 tunnissa<br>3 henkil\u00f6kohtaista tapaamista\/kk valmentajan kanssa.<br>Lis\u00e4tunnit 65 \u20ac\/kpl<\/p>\n<\/div>\n\n\n\n<p class=\"has-text-align-center has-fahkwang-font-family\"><\/p>\n\n\n\n<div class=\"wp-block-buttons is-layout-flex wp-block-buttons-is-layout-flex\" style=\"margin-top:45px;margin-bottom:45px;padding-top:var(--wp--preset--spacing--60);padding-bottom:var(--wp--preset--spacing--60)\">\n<div class=\"wp-block-button is-style-outline is-style-outline--2\"><a class=\"wp-block-button__link has-background-color has-text-color has-poppins-font-family wp-element-button\" href=\"https:\/\/rautakruunu.fi\/index.php\/contact-us\/\" style=\"border-radius:25px;padding-top:6px;padding-right:25px;padding-bottom:6px;padding-left:25px\">Ota yhteytt\u00e4<\/a><\/div>\n<\/div>\n<\/div>\n<\/div>\n\n\n\n<div class=\"wp-block-column is-vertically-aligned-center is-layout-flow wp-block-column-is-layout-flow\">\n<div class=\"wp-block-group alignwide has-shadow-dark animated animated-fadeInUp has-background is-layout-constrained wp-container-core-group-is-layout-51aacc7e wp-block-group-is-layout-constrained\" style=\"background-color:#29282d;padding-top:40px;padding-right:40px;padding-bottom:40px;padding-left:40px\">\n<div class=\"wp-block-group is-layout-flow wp-block-group-is-layout-flow\" style=\"padding-bottom:15px\">\n<figure class=\"wp-block-image aligncenter size-full is-resized has-custom-border wp-duotone-ff6900-ff0000-3\"><img decoding=\"async\" src=\"https:\/\/demo.sparkletheme.com\/fitness-fse\/wp-content\/themes\/fitness-fse\/images\/icon-1.png\" alt=\"\" class=\"wp-image-190\" style=\"border-radius:0px;width:57px;height:58px\"\/><\/figure>\n<\/div>\n\n\n\n<h3 class=\"wp-block-heading has-text-align-center has-background-color has-text-color\" style=\"margin-top:10px;margin-right:10px;margin-bottom:10px;margin-left:10px;font-size:30px;font-style:normal;font-weight:400\">RAUTAVALMENNUS<\/h3>\n\n\n\n<div class=\"wp-block-group is-layout-constrained wp-container-core-group-is-layout-19e250f3 wp-block-group-is-layout-constrained\">\n<p class=\"has-text-align-center has-text-color\" style=\"color:#fb5b21;font-size:40px\">270 \u20ac&nbsp;\/kk<\/p>\n<\/div>\n\n\n\n<div class=\"wp-block-group has-background-color has-text-color has-normal-font-size is-layout-constrained wp-container-core-group-is-layout-334a2726 wp-block-group-is-layout-constrained\" style=\"font-style:normal;font-weight:300\">\n<p class=\"has-text-align-center has-fahkwang-font-family\"><strong>Alkutapaaminen ja tilanteen kartoitus<\/strong><\/p>\n\n\n\n<p class=\"has-text-align-center has-fahkwang-font-family\"><br><strong>R\u00e4\u00e4t\u00e4l\u00f6ity treeniohjelma ja suunnitelma<\/strong><\/p>\n\n\n\n<p class=\"has-text-align-center has-fahkwang-font-family\"><br><strong>Ruokap\u00e4iv\u00e4kirja ja ravinto-ohjaus<\/strong><br>Sis\u00e4ll\u00f6n analysointi ja muutokset<\/p>\n\n\n\n<p class=\"has-text-align-center has-fahkwang-font-family\"><br><strong>TRAINERO &#8211; Sovellus <\/strong><\/p>\n\n\n\n<p class=\"has-text-align-center has-fahkwang-font-family\">Kattava treeniohjelma ja ravintosuositukset<\/p>\n\n\n\n<p class=\"has-text-align-center has-fahkwang-font-family\"><br><strong>Kuumalinja <\/strong><\/p>\n\n\n\n<p class=\"has-text-align-center has-fahkwang-font-family\">Arkisin 9.30\u201316.30 tekstiviestill\u00e4\/s\u00e4hk\u00f6postilla, vastaus 2 tunnissa<br>3 henkil\u00f6kohtaista tapaamista\/kk valmentajan kanssa.<br>Lis\u00e4tunnit 65 \u20ac\/kpl<\/p>\n\n\n\n<p class=\"has-text-align-center has-fahkwang-font-family\">\u2757 HUOMIOH:<br><em>Ennen valmennuksen aloitusta suosittelemme l\u00e4\u00e4k\u00e4rill\u00e4 k\u00e4ynti\u00e4.<br>Kuntosalin sis\u00e4\u00e4np\u00e4\u00e4sy ei kuulu hintaan.<\/em><\/p>\n<\/div>\n\n\n\n<div class=\"wp-block-buttons is-layout-flex wp-block-buttons-is-layout-flex\" style=\"margin-top:30px;margin-bottom:30px\">\n<div class=\"wp-block-button is-style-outline is-style-outline--4\"><a class=\"wp-block-button__link has-background-color has-text-color has-poppins-font-family wp-element-button\" href=\"https:\/\/rautakruunu.fi\/index.php\/contact-us\/\" style=\"border-radius:25px;padding-top:6px;padding-right:25px;padding-bottom:6px;padding-left:25px\">Ota yhteytt\u00e4<\/a><\/div>\n<\/div>\n<\/div>\n<\/div>\n<\/div>\n<\/div>\n<\/div>\n\n\n\n<div class=\"wp-block-group alignfull is-layout-constrained wp-container-core-group-is-layout-ef01068e wp-block-group-is-layout-constrained\" style=\"margin-top:0;margin-bottom:0;padding-top:100px;padding-right:0px;padding-bottom:0px;padding-left:0px\">\n<div class=\"wp-block-columns alignfull has-background is-layout-flex wp-container-core-columns-is-layout-00a22a97 wp-block-columns-is-layout-flex\" style=\"background-color:#29282d;padding-top:0;padding-right:0;padding-bottom:0;padding-left:0\">\n<div class=\"wp-block-column is-vertically-aligned-center is-layout-flow wp-block-column-is-layout-flow\" style=\"padding-right:40px;padding-left:40px\">\n<div class=\"wp-block-group is-nowrap is-layout-flex wp-container-core-group-is-layout-6c531013 wp-block-group-is-layout-flex\">\n<div class=\"wp-block-group alignwide is-layout-constrained wp-container-core-group-is-layout-fa6927ee wp-block-group-is-layout-constrained\" style=\"padding-top:30px;padding-right:80px;padding-bottom:0px;padding-left:80px\">\n<div class=\"wp-block-group title-holder is-layout-constrained wp-block-group-is-layout-constrained\">\n<p class=\"has-title\"><\/p>\n<\/div>\n\n\n\n<div class=\"wp-block-group is-layout-constrained wp-container-core-group-is-layout-19e250f3 wp-block-group-is-layout-constrained\">\n<h2 class=\"wp-block-heading animated animated-fadeInUp has-background-color has-text-color has-fahkwang-font-family has-slider-title-font-size\" style=\"text-transform:uppercase\">polta kaloreita samalla kun pid\u00e4t hauskaa<\/h2>\n<\/div>\n\n\n\n<p class=\"animated animated-fadeInUp has-background-color has-text-color has-fahkwang-font-family has-normal-font-size\" style=\"font-style:normal;font-weight:300\">Liikunta ei tarvitse olla ponnistelua , l\u00f6yd\u00e4 sinulle sopivat ja nautinnolliset tavat liikkua, niin poltat kaloreita luontevasti ja kokoajat mukavasti.<\/p>\n\n\n\n<div class=\"wp-block-buttons animated animated-fadeInUp is-content-justification-left is-layout-flex wp-container-core-buttons-is-layout-cf27a859 wp-block-buttons-is-layout-flex\" style=\"margin-top:35px;margin-bottom:20px\"><\/div>\n<\/div>\n<\/div>\n<\/div>\n\n\n\n<div class=\"wp-block-column is-layout-flow wp-block-column-is-layout-flow\" style=\"padding-top:0;padding-right:0;padding-bottom:0;padding-left:0\">\n<div class=\"wp-block-group animated animated-fadeInUp is-layout-flow wp-container-core-group-is-layout-bb1e360e wp-block-group-is-layout-flow\" style=\"margin-top:0;margin-bottom:0;padding-top:0;padding-right:0;padding-bottom:0;padding-left:0\">\n<figure class=\"wp-block-image size-full is-resized\"><img loading=\"lazy\" decoding=\"async\" width=\"2048\" height=\"1450\" src=\"http:\/\/rautakruunu.fi\/wp-content\/uploads\/2025\/11\/756.jpg\" alt=\"\" class=\"wp-image-1681\" style=\"width:945px;height:630px\" srcset=\"https:\/\/rautakruunu.fi\/wp-content\/uploads\/2025\/11\/756.jpg 2048w, https:\/\/rautakruunu.fi\/wp-content\/uploads\/2025\/11\/756-300x212.jpg 300w, https:\/\/rautakruunu.fi\/wp-content\/uploads\/2025\/11\/756-1024x725.jpg 1024w, https:\/\/rautakruunu.fi\/wp-content\/uploads\/2025\/11\/756-768x544.jpg 768w, https:\/\/rautakruunu.fi\/wp-content\/uploads\/2025\/11\/756-1536x1088.jpg 1536w\" sizes=\"auto, (max-width: 2048px) 100vw, 2048px\" \/><\/figure>\n<\/div>\n<\/div>\n<\/div>\n<\/div>\n","protected":false},"excerpt":{"rendered":"<p>Hinnoittelu ja suunnitelma Meill\u00e4 on erilaisia \u200b\u200b\u200b\u200bsuunnitelmia auttaaksemme sinua tarpeissasi. KRUUNUVALMENNUS 270 \u20ac&nbsp;\/kk Alkutapaaminen ja tilanteen kartoitus R\u00e4\u00e4t\u00e4l\u00f6ity treeniohjelma ja suunnitelma Ruokap\u00e4iv\u00e4kirja ja ravinto-ohjausSis\u00e4ll\u00f6n analysointi ja muutokset TRAINERO &#8211; Sovellus [&hellip;]<\/p>\n","protected":false},"author":1,"featured_media":0,"parent":0,"menu_order":0,"comment_status":"closed","ping_status":"closed","template":"","meta":{"footnotes":""},"class_list":["post-49","page","type-page","status-publish","hentry"],"yoast_head":"<!-- This site is optimized with the Yoast SEO plugin v26.7 - https:\/\/yoast.com\/wordpress\/plugins\/seo\/ -->\n<title>Hinnoittelu ja suunnitelma - Rautakruunu<\/title>\n<meta name=\"robots\" content=\"index, follow, max-snippet:-1, max-image-preview:large, max-video-preview:-1\" \/>\n<link rel=\"canonical\" href=\"https:\/\/rautakruunu.fi\/index.php\/pricing-plan\/\" \/>\n<meta property=\"og:locale\" content=\"fi_FI\" \/>\n<meta property=\"og:type\" content=\"article\" \/>\n<meta property=\"og:title\" content=\"Hinnoittelu ja suunnitelma - Rautakruunu\" \/>\n<meta property=\"og:description\" content=\"Hinnoittelu ja suunnitelma Meill\u00e4 on erilaisia \u200b\u200b\u200b\u200bsuunnitelmia auttaaksemme sinua tarpeissasi. KRUUNUVALMENNUS 270 \u20ac&nbsp;\/kk Alkutapaaminen ja tilanteen kartoitus R\u00e4\u00e4t\u00e4l\u00f6ity treeniohjelma ja suunnitelma Ruokap\u00e4iv\u00e4kirja ja ravinto-ohjausSis\u00e4ll\u00f6n analysointi ja muutokset TRAINERO &#8211; Sovellus [&hellip;]\" \/>\n<meta property=\"og:url\" content=\"https:\/\/rautakruunu.fi\/index.php\/pricing-plan\/\" \/>\n<meta property=\"og:site_name\" content=\"Rautakruunu\" \/>\n<meta property=\"article:modified_time\" content=\"2026-01-16T08:23:56+00:00\" \/>\n<meta property=\"og:image\" content=\"https:\/\/demo.sparkletheme.com\/fitness-fse\/wp-content\/themes\/fitness-fse\/images\/icon-4.png\" \/>\n<meta name=\"twitter:card\" content=\"summary_large_image\" \/>\n<meta name=\"twitter:label1\" content=\"Arvioitu lukuaika\" \/>\n\t<meta name=\"twitter:data1\" content=\"2 minuuttia\" \/>\n<script type=\"application\/ld+json\" class=\"yoast-schema-graph\">{\"@context\":\"https:\/\/schema.org\",\"@graph\":[{\"@type\":\"WebPage\",\"@id\":\"https:\/\/rautakruunu.fi\/index.php\/pricing-plan\/\",\"url\":\"https:\/\/rautakruunu.fi\/index.php\/pricing-plan\/\",\"name\":\"Hinnoittelu ja suunnitelma - Rautakruunu\",\"isPartOf\":{\"@id\":\"https:\/\/rautakruunu.fi\/#website\"},\"primaryImageOfPage\":{\"@id\":\"https:\/\/rautakruunu.fi\/index.php\/pricing-plan\/#primaryimage\"},\"image\":{\"@id\":\"https:\/\/rautakruunu.fi\/index.php\/pricing-plan\/#primaryimage\"},\"thumbnailUrl\":\"https:\/\/demo.sparkletheme.com\/fitness-fse\/wp-content\/themes\/fitness-fse\/images\/icon-4.png\",\"datePublished\":\"2023-02-14T11:57:41+00:00\",\"dateModified\":\"2026-01-16T08:23:56+00:00\",\"breadcrumb\":{\"@id\":\"https:\/\/rautakruunu.fi\/index.php\/pricing-plan\/#breadcrumb\"},\"inLanguage\":\"fi\",\"potentialAction\":[{\"@type\":\"ReadAction\",\"target\":[\"https:\/\/rautakruunu.fi\/index.php\/pricing-plan\/\"]}]},{\"@type\":\"ImageObject\",\"inLanguage\":\"fi\",\"@id\":\"https:\/\/rautakruunu.fi\/index.php\/pricing-plan\/#primaryimage\",\"url\":\"https:\/\/demo.sparkletheme.com\/fitness-fse\/wp-content\/themes\/fitness-fse\/images\/icon-4.png\",\"contentUrl\":\"https:\/\/demo.sparkletheme.com\/fitness-fse\/wp-content\/themes\/fitness-fse\/images\/icon-4.png\"},{\"@type\":\"BreadcrumbList\",\"@id\":\"https:\/\/rautakruunu.fi\/index.php\/pricing-plan\/#breadcrumb\",\"itemListElement\":[{\"@type\":\"ListItem\",\"position\":1,\"name\":\"Etusivu\",\"item\":\"https:\/\/rautakruunu.fi\/\"},{\"@type\":\"ListItem\",\"position\":2,\"name\":\"Hinnoittelu ja suunnitelma\"}]},{\"@type\":\"WebSite\",\"@id\":\"https:\/\/rautakruunu.fi\/#website\",\"url\":\"https:\/\/rautakruunu.fi\/\",\"name\":\"Rautakruunu\",\"description\":\"PT \/ ELINTAPAVALMENNUS \",\"publisher\":{\"@id\":\"https:\/\/rautakruunu.fi\/#organization\"},\"potentialAction\":[{\"@type\":\"SearchAction\",\"target\":{\"@type\":\"EntryPoint\",\"urlTemplate\":\"https:\/\/rautakruunu.fi\/?s={search_term_string}\"},\"query-input\":{\"@type\":\"PropertyValueSpecification\",\"valueRequired\":true,\"valueName\":\"search_term_string\"}}],\"inLanguage\":\"fi\"},{\"@type\":\"Organization\",\"@id\":\"https:\/\/rautakruunu.fi\/#organization\",\"name\":\"Rautakruunu\",\"url\":\"https:\/\/rautakruunu.fi\/\",\"logo\":{\"@type\":\"ImageObject\",\"inLanguage\":\"fi\",\"@id\":\"https:\/\/rautakruunu.fi\/#\/schema\/logo\/image\/\",\"url\":\"https:\/\/rautakruunu.fi\/wp-content\/uploads\/2025\/11\/rk-logo4-8.png\",\"contentUrl\":\"https:\/\/rautakruunu.fi\/wp-content\/uploads\/2025\/11\/rk-logo4-8.png\",\"width\":1024,\"height\":1024,\"caption\":\"Rautakruunu\"},\"image\":{\"@id\":\"https:\/\/rautakruunu.fi\/#\/schema\/logo\/image\/\"}}]}<\/script>\n<!-- \/ Yoast SEO plugin. -->","yoast_head_json":{"title":"Hinnoittelu ja suunnitelma - Rautakruunu","robots":{"index":"index","follow":"follow","max-snippet":"max-snippet:-1","max-image-preview":"max-image-preview:large","max-video-preview":"max-video-preview:-1"},"canonical":"https:\/\/rautakruunu.fi\/index.php\/pricing-plan\/","og_locale":"fi_FI","og_type":"article","og_title":"Hinnoittelu ja suunnitelma - Rautakruunu","og_description":"Hinnoittelu ja suunnitelma Meill\u00e4 on erilaisia \u200b\u200b\u200b\u200bsuunnitelmia auttaaksemme sinua tarpeissasi. KRUUNUVALMENNUS 270 \u20ac&nbsp;\/kk Alkutapaaminen ja tilanteen kartoitus R\u00e4\u00e4t\u00e4l\u00f6ity treeniohjelma ja suunnitelma Ruokap\u00e4iv\u00e4kirja ja ravinto-ohjausSis\u00e4ll\u00f6n analysointi ja muutokset TRAINERO &#8211; Sovellus [&hellip;]","og_url":"https:\/\/rautakruunu.fi\/index.php\/pricing-plan\/","og_site_name":"Rautakruunu","article_modified_time":"2026-01-16T08:23:56+00:00","og_image":[{"url":"https:\/\/demo.sparkletheme.com\/fitness-fse\/wp-content\/themes\/fitness-fse\/images\/icon-4.png","type":"","width":"","height":""}],"twitter_card":"summary_large_image","twitter_misc":{"Arvioitu lukuaika":"2 minuuttia"},"schema":{"@context":"https:\/\/schema.org","@graph":[{"@type":"WebPage","@id":"https:\/\/rautakruunu.fi\/index.php\/pricing-plan\/","url":"https:\/\/rautakruunu.fi\/index.php\/pricing-plan\/","name":"Hinnoittelu ja suunnitelma - Rautakruunu","isPartOf":{"@id":"https:\/\/rautakruunu.fi\/#website"},"primaryImageOfPage":{"@id":"https:\/\/rautakruunu.fi\/index.php\/pricing-plan\/#primaryimage"},"image":{"@id":"https:\/\/rautakruunu.fi\/index.php\/pricing-plan\/#primaryimage"},"thumbnailUrl":"https:\/\/demo.sparkletheme.com\/fitness-fse\/wp-content\/themes\/fitness-fse\/images\/icon-4.png","datePublished":"2023-02-14T11:57:41+00:00","dateModified":"2026-01-16T08:23:56+00:00","breadcrumb":{"@id":"https:\/\/rautakruunu.fi\/index.php\/pricing-plan\/#breadcrumb"},"inLanguage":"fi","potentialAction":[{"@type":"ReadAction","target":["https:\/\/rautakruunu.fi\/index.php\/pricing-plan\/"]}]},{"@type":"ImageObject","inLanguage":"fi","@id":"https:\/\/rautakruunu.fi\/index.php\/pricing-plan\/#primaryimage","url":"https:\/\/demo.sparkletheme.com\/fitness-fse\/wp-content\/themes\/fitness-fse\/images\/icon-4.png","contentUrl":"https:\/\/demo.sparkletheme.com\/fitness-fse\/wp-content\/themes\/fitness-fse\/images\/icon-4.png"},{"@type":"BreadcrumbList","@id":"https:\/\/rautakruunu.fi\/index.php\/pricing-plan\/#breadcrumb","itemListElement":[{"@type":"ListItem","position":1,"name":"Etusivu","item":"https:\/\/rautakruunu.fi\/"},{"@type":"ListItem","position":2,"name":"Hinnoittelu ja suunnitelma"}]},{"@type":"WebSite","@id":"https:\/\/rautakruunu.fi\/#website","url":"https:\/\/rautakruunu.fi\/","name":"Rautakruunu","description":"PT \/ ELINTAPAVALMENNUS ","publisher":{"@id":"https:\/\/rautakruunu.fi\/#organization"},"potentialAction":[{"@type":"SearchAction","target":{"@type":"EntryPoint","urlTemplate":"https:\/\/rautakruunu.fi\/?s={search_term_string}"},"query-input":{"@type":"PropertyValueSpecification","valueRequired":true,"valueName":"search_term_string"}}],"inLanguage":"fi"},{"@type":"Organization","@id":"https:\/\/rautakruunu.fi\/#organization","name":"Rautakruunu","url":"https:\/\/rautakruunu.fi\/","logo":{"@type":"ImageObject","inLanguage":"fi","@id":"https:\/\/rautakruunu.fi\/#\/schema\/logo\/image\/","url":"https:\/\/rautakruunu.fi\/wp-content\/uploads\/2025\/11\/rk-logo4-8.png","contentUrl":"https:\/\/rautakruunu.fi\/wp-content\/uploads\/2025\/11\/rk-logo4-8.png","width":1024,"height":1024,"caption":"Rautakruunu"},"image":{"@id":"https:\/\/rautakruunu.fi\/#\/schema\/logo\/image\/"}}]}},"_links":{"self":[{"href":"https:\/\/rautakruunu.fi\/index.php\/wp-json\/wp\/v2\/pages\/49","targetHints":{"allow":["GET"]}}],"collection":[{"href":"https:\/\/rautakruunu.fi\/index.php\/wp-json\/wp\/v2\/pages"}],"about":[{"href":"https:\/\/rautakruunu.fi\/index.php\/wp-json\/wp\/v2\/types\/page"}],"author":[{"embeddable":true,"href":"https:\/\/rautakruunu.fi\/index.php\/wp-json\/wp\/v2\/users\/1"}],"replies":[{"embeddable":true,"href":"https:\/\/rautakruunu.fi\/index.php\/wp-json\/wp\/v2\/comments?post=49"}],"version-history":[{"count":11,"href":"https:\/\/rautakruunu.fi\/index.php\/wp-json\/wp\/v2\/pages\/49\/revisions"}],"predecessor-version":[{"id":1793,"href":"https:\/\/rautakruunu.fi\/index.php\/wp-json\/wp\/v2\/pages\/49\/revisions\/1793"}],"wp:attachment":[{"href":"https:\/\/rautakruunu.fi\/index.php\/wp-json\/wp\/v2\/media?parent=49"}],"curies":[{"name":"wp","href":"https:\/\/api.w.org\/{rel}","templated":true}]}}